{"id":180,"date":"2013-03-12T13:49:25","date_gmt":"2013-03-12T12:49:25","guid":{"rendered":"http:\/\/blogs.cpnl.cat\/sarriaambgracia\/?page_id=180"},"modified":"2020-11-27T12:03:26","modified_gmt":"2020-11-27T11:03:26","slug":"assessorament-linguistic","status":"publish","type":"page","link":"https:\/\/blogs.cpnl.cat\/sarriaambgracia\/?page_id=180","title":{"rendered":"Servei d&#8217;Assessorament Ling\u00fc\u00edstic"},"content":{"rendered":"<h1 class=\"page-title\"><strong><span style=\"font-size: 12pt;\">QU\u00c8 \u00c9S EL SAL?<\/span><\/strong><\/h1>\n<p>\u00c9s el Servei d\u2019Assessorament Ling\u00fc\u00edstic del CPNL, format per professionals altament qualificats i amb experi\u00e8ncia, que assessora\u00a0amb un m\u00e8tode de revisi\u00f3 propi.<\/p>\n<p>El SAL acompanya l&#8217;usuari perqu\u00e8 esdevingui aut\u00f2nom amb les recomanacions i els recursos ling\u00fc\u00edstics m\u00e9s adients.<\/p>\n<p><iframe loading=\"lazy\" title=\"Servei d&#039;Assessorament Ling\u00fc\u00edstic - posem-nos en marxa amb el SAL\" width=\"500\" height=\"281\" src=\"https:\/\/www.youtube.com\/embed\/7oJttMxe6e8?feature=oembed\" frameborder=\"0\" allow=\"accelerometer; autoplay; clipboard-write; encrypted-media; gyroscope; picture-in-picture; web-share\" referrerpolicy=\"strict-origin-when-cross-origin\" allowfullscreen><\/iframe><\/p>\n<p><a href=\"https:\/\/www.cpnl.cat\/serveis\/empreses\/index\/\">PER A LES EMPRESES<\/a><\/p>\n<p><a href=\"https:\/\/www.cpnl.cat\/serveis\/entitats\/index\/\">PER A LES ENTITATS<\/a><\/p>\n<h1 class=\"page-title\"><\/h1>\n<div style=\"width: 210px\" class=\"wp-caption alignnone\"><a href=\"https:\/\/www.cpnl.cat\/promocio-us\/recursos-linguistics\/\"><img loading=\"lazy\" decoding=\"async\" src=\"https:\/\/www.cpnl.cat\/media\/upload\/cache\/recursoslinguistics_1603264906.jpg\" alt=\"\" width=\"200\" height=\"200\" \/><\/a><p class=\"wp-caption-text\"><span style=\"font-size: 12pt; font-family: helvetica, arial, sans-serif;\"><strong>Recursos ling\u00fc\u00edstics que et poden ajudar<\/strong><\/span><\/p><\/div>\n","protected":false},"excerpt":{"rendered":"<p>QU\u00c8 \u00c9S EL SAL? \u00c9s el Servei d\u2019Assessorament Ling\u00fc\u00edstic del CPNL, format per professionals altament qualificats i amb experi\u00e8ncia, que assessora\u00a0amb un m\u00e8tode de revisi\u00f3 propi. El SAL acompanya l&#8217;usuari perqu\u00e8 esdevingui aut\u00f2nom amb les recomanacions i els recursos ling\u00fc\u00edstics m\u00e9s adients. PER A LES EMPRESES PER A LES ENTITATS<\/p>\n","protected":false},"author":412,"featured_media":0,"parent":0,"menu_order":0,"comment_status":"open","ping_status":"open","template":"","meta":{"ngg_post_thumbnail":0,"footnotes":""},"class_list":["post-180","page","type-page","status-publish","hentry"],"_links":{"self":[{"href":"https:\/\/blogs.cpnl.cat\/sarriaambgracia\/index.php?rest_route=\/wp\/v2\/pages\/180","targetHints":{"allow":["GET"]}}],"collection":[{"href":"https:\/\/blogs.cpnl.cat\/sarriaambgracia\/index.php?rest_route=\/wp\/v2\/pages"}],"about":[{"href":"https:\/\/blogs.cpnl.cat\/sarriaambgracia\/index.php?rest_route=\/wp\/v2\/types\/page"}],"author":[{"embeddable":true,"href":"https:\/\/blogs.cpnl.cat\/sarriaambgracia\/index.php?rest_route=\/wp\/v2\/users\/412"}],"replies":[{"embeddable":true,"href":"https:\/\/blogs.cpnl.cat\/sarriaambgracia\/index.php?rest_route=%2Fwp%2Fv2%2Fcomments&post=180"}],"version-history":[{"count":0,"href":"https:\/\/blogs.cpnl.cat\/sarriaambgracia\/index.php?rest_route=\/wp\/v2\/pages\/180\/revisions"}],"wp:attachment":[{"href":"https:\/\/blogs.cpnl.cat\/sarriaambgracia\/index.php?rest_route=%2Fwp%2Fv2%2Fmedia&parent=180"}],"curies":[{"name":"wp","href":"https:\/\/api.w.org\/{rel}","templated":true}]}}