{"id":2642,"date":"2016-11-07T09:36:17","date_gmt":"2016-11-07T08:36:17","guid":{"rendered":"http:\/\/blogs.cpnl.cat\/sarriaambgracia\/?page_id=2642"},"modified":"2021-02-18T09:34:10","modified_gmt":"2021-02-18T08:34:10","slug":"espai-alumnat","status":"publish","type":"page","link":"https:\/\/blogs.cpnl.cat\/sarriaambgracia\/?page_id=2642","title":{"rendered":"Espai alumnat"},"content":{"rendered":"<h1 class=\"page-title\"><strong><span style=\"font-size: 12pt;\">VOLS ACCEDIR AL NOSTRE ENTORN VIRTUAL?<\/span><\/strong><\/h1>\n<p>&nbsp;<\/p>\n<p>Entra a\u00a0 \u00a0\u2193<\/p>\n<p><a href=\"https:\/\/www.cpnl.cat\/alumnes\/\"><img loading=\"lazy\" decoding=\"async\" class=\"alignnone\" src=\"https:\/\/www.cpnl.cat\/media\/upload\/cache\/portadaweb2_02_1612734260_w810.jpg\" alt=\"Espai alumnes\" width=\"347\" height=\"347\" \/><\/a><\/p>\n<p>Hi trobar\u00e0s tota la informaci\u00f3 necess\u00e0ria per accedir a l&#8217;entorn virtual dels cursos en l\u00ednia del CPNL.<\/p>\n<h3><\/h3>\n<p>&nbsp;<\/p>\n<p>&nbsp;<\/p>\n","protected":false},"excerpt":{"rendered":"<p>VOLS ACCEDIR AL NOSTRE ENTORN VIRTUAL? &nbsp; Entra a\u00a0 \u00a0\u2193 Hi trobar\u00e0s tota la informaci\u00f3 necess\u00e0ria per accedir a l&#8217;entorn virtual dels cursos en l\u00ednia del CPNL. &nbsp; &nbsp;<\/p>\n","protected":false},"author":412,"featured_media":0,"parent":0,"menu_order":0,"comment_status":"closed","ping_status":"closed","template":"","meta":{"ngg_post_thumbnail":0,"footnotes":""},"class_list":["post-2642","page","type-page","status-publish","hentry"],"_links":{"self":[{"href":"https:\/\/blogs.cpnl.cat\/sarriaambgracia\/index.php?rest_route=\/wp\/v2\/pages\/2642","targetHints":{"allow":["GET"]}}],"collection":[{"href":"https:\/\/blogs.cpnl.cat\/sarriaambgracia\/index.php?rest_route=\/wp\/v2\/pages"}],"about":[{"href":"https:\/\/blogs.cpnl.cat\/sarriaambgracia\/index.php?rest_route=\/wp\/v2\/types\/page"}],"author":[{"embeddable":true,"href":"https:\/\/blogs.cpnl.cat\/sarriaambgracia\/index.php?rest_route=\/wp\/v2\/users\/412"}],"replies":[{"embeddable":true,"href":"https:\/\/blogs.cpnl.cat\/sarriaambgracia\/index.php?rest_route=%2Fwp%2Fv2%2Fcomments&post=2642"}],"version-history":[{"count":0,"href":"https:\/\/blogs.cpnl.cat\/sarriaambgracia\/index.php?rest_route=\/wp\/v2\/pages\/2642\/revisions"}],"wp:attachment":[{"href":"https:\/\/blogs.cpnl.cat\/sarriaambgracia\/index.php?rest_route=%2Fwp%2Fv2%2Fmedia&parent=2642"}],"curies":[{"name":"wp","href":"https:\/\/api.w.org\/{rel}","templated":true}]}}