{"id":4089,"date":"2020-11-03T12:35:52","date_gmt":"2020-11-03T11:35:52","guid":{"rendered":"https:\/\/blogs.cpnl.cat\/sarriaambgracia\/?page_id=4089"},"modified":"2021-02-18T09:38:45","modified_gmt":"2021-02-18T08:38:45","slug":"voluntariat-per-la-llengua","status":"publish","type":"page","link":"https:\/\/blogs.cpnl.cat\/sarriaambgracia\/?page_id=4089","title":{"rendered":"Voluntariat per la llengua"},"content":{"rendered":"<h1 class=\"page-title\"><strong><span style=\"font-size: 12pt;\">VOLS PRACTICAR EL CATAL\u00c0 O AJUDAR A PRACTICAR-LO?<\/span><\/strong><\/h1>\n<p>&nbsp;<\/p>\n<p><iframe loading=\"lazy\" title=\"Espot 01 Voluntariat per la llengua. &quot;Quan parles fas m\u00e0gia&quot;\" width=\"500\" height=\"281\" src=\"https:\/\/www.youtube.com\/embed\/-NAPFhp-o-8?feature=oembed\" frameborder=\"0\" allow=\"accelerometer; autoplay; clipboard-write; encrypted-media; gyroscope; picture-in-picture; web-share\" referrerpolicy=\"strict-origin-when-cross-origin\" allowfullscreen><\/iframe><\/p>\n<p>&nbsp;<\/p>\n<p><strong>Qu\u00e8 \u00e9s el VxL virtual?<\/strong><\/p>\n<p>Es basa en la creaci\u00f3 de\u00a0parelles ling\u00fc\u00edstiques\u00a0formades per un\u00a0voluntari o volunt\u00e0ria, que parla catal\u00e0 fluidament, i un\u00a0aprenent o aprenenta, que en t\u00e9 coneixements b\u00e0sics i vol adquirir flu\u00efdesa a l\u2019hora de parlar-lo. Les trobades es fan per videotrucada.<\/p>\n<p>&nbsp;<\/p>\n<p><strong>Qui pot participar-hi?<\/strong><\/p>\n<p>Persones\u00a0majors d\u2019edat\u00a0amb coneixements b\u00e0sics d\u2019Internet que es comprometin una hora a la setmana, durant deu setmanes, a conversar en catal\u00e0 de manera virtual.<\/p>\n<p>&nbsp;<\/p>\n<p><strong>Apuntar-s\u2019hi \u00e9s molt f\u00e0cil<\/strong><\/p>\n<p>Nom\u00e9s cal emplenar la fitxa d\u2019inscripci\u00f3 i triar la modalitat virtual a\u00a0<a href=\"https:\/\/www.vxl.cat\/participa-hi\">https:\/\/www.vxl.cat\/participa-hi<\/a>.<\/p>\n<p>&nbsp;<\/p>\n<p><img loading=\"lazy\" decoding=\"async\" class=\"\" src=\"https:\/\/www.vxl.cat\/sites\/default\/files\/noticies-img\/parella_vxl_virtual.jpg\" width=\"494\" height=\"247\" \/><\/p>\n<p>&nbsp;<\/p>\n","protected":false},"excerpt":{"rendered":"<p>VOLS PRACTICAR EL CATAL\u00c0 O AJUDAR A PRACTICAR-LO? &nbsp; &nbsp; Qu\u00e8 \u00e9s el VxL virtual? Es basa en la creaci\u00f3 de\u00a0parelles ling\u00fc\u00edstiques\u00a0formades per un\u00a0voluntari o volunt\u00e0ria, que parla catal\u00e0 fluidament, i un\u00a0aprenent o aprenenta, que en t\u00e9 coneixements b\u00e0sics i vol adquirir flu\u00efdesa a l\u2019hora de parlar-lo. Les trobades es fan per videotrucada. &nbsp; Qui [&hellip;]<\/p>\n","protected":false},"author":527,"featured_media":0,"parent":0,"menu_order":0,"comment_status":"closed","ping_status":"closed","template":"","meta":{"ngg_post_thumbnail":0,"footnotes":""},"class_list":["post-4089","page","type-page","status-publish","hentry"],"_links":{"self":[{"href":"https:\/\/blogs.cpnl.cat\/sarriaambgracia\/index.php?rest_route=\/wp\/v2\/pages\/4089","targetHints":{"allow":["GET"]}}],"collection":[{"href":"https:\/\/blogs.cpnl.cat\/sarriaambgracia\/index.php?rest_route=\/wp\/v2\/pages"}],"about":[{"href":"https:\/\/blogs.cpnl.cat\/sarriaambgracia\/index.php?rest_route=\/wp\/v2\/types\/page"}],"author":[{"embeddable":true,"href":"https:\/\/blogs.cpnl.cat\/sarriaambgracia\/index.php?rest_route=\/wp\/v2\/users\/527"}],"replies":[{"embeddable":true,"href":"https:\/\/blogs.cpnl.cat\/sarriaambgracia\/index.php?rest_route=%2Fwp%2Fv2%2Fcomments&post=4089"}],"version-history":[{"count":0,"href":"https:\/\/blogs.cpnl.cat\/sarriaambgracia\/index.php?rest_route=\/wp\/v2\/pages\/4089\/revisions"}],"wp:attachment":[{"href":"https:\/\/blogs.cpnl.cat\/sarriaambgracia\/index.php?rest_route=%2Fwp%2Fv2%2Fmedia&parent=4089"}],"curies":[{"name":"wp","href":"https:\/\/api.w.org\/{rel}","templated":true}]}}