{"id":4131,"date":"2020-11-27T11:49:01","date_gmt":"2020-11-27T10:49:01","guid":{"rendered":"https:\/\/blogs.cpnl.cat\/sarriaambgracia\/?page_id=4131"},"modified":"2020-11-30T11:51:53","modified_gmt":"2020-11-30T10:51:53","slug":"promocio-de-lus","status":"publish","type":"page","link":"https:\/\/blogs.cpnl.cat\/sarriaambgracia\/?page_id=4131","title":{"rendered":"Promoci\u00f3 de l&#8217;\u00fas"},"content":{"rendered":"<h3 class=\"page-title\"><\/h3>\n<p><a href=\"https:\/\/www.cpnl.cat\/xarxa\/cnlbarcelona\/cursos-de-catala\/clubs-de-lectura\/\"><img loading=\"lazy\" decoding=\"async\" title=\"Clubs de lectura\" src=\"https:\/\/www.cpnl.cat\/media\/upload\/cache\/clubdelecturaimatge_1574168421_w1300.png\" alt=\"\" width=\"248\" height=\"80\" \/><\/a><\/p>\n<p>&nbsp;<\/p>\n<div style=\"width: 187px\" class=\"wp-caption alignnone\"><a href=\"https:\/\/www.cpnl.cat\/promocio-us\/practiques-linguistiques\/\"><img loading=\"lazy\" decoding=\"async\" src=\"https:\/\/www.cpnl.cat\/media\/upload\/cache\/practicaelcatala_1603264668.jpg\" alt=\"\" width=\"177\" height=\"177\" \/><\/a><p class=\"wp-caption-text\"><span style=\"font-size: 12pt; font-family: helvetica, arial, sans-serif;\"><strong>Pr\u00e0ctiques ling\u00fc\u00edstiques<\/strong><\/span><\/p><\/div>\n<p>&nbsp;<\/p>\n<h3 class=\"page-title\"><\/h3>\n<div style=\"width: 147px\" class=\"wp-caption alignnone\"><a href=\"https:\/\/www.cpnl.cat\/xarxa\/cnlbarcelona\/foment\/si-l-encertes-l-endevines-2020\/\"><img loading=\"lazy\" decoding=\"async\" class=\"\" src=\"https:\/\/www.cpnl.cat\/media\/upload\/cache\/20200309121016_dc4a0fb8_la_1606396492.jpg\" alt=\"\" width=\"137\" height=\"194\" \/><\/a><p class=\"wp-caption-text\"><strong><span style=\"font-size: 12pt; font-family: helvetica, arial, sans-serif;\">Si l&#8217;encertes, l&#8217;endevines<\/span><\/strong><\/p><\/div>\n<h3 class=\"page-title\"><\/h3>\n<p>&nbsp;<\/p>\n<div style=\"width: 305px\" class=\"wp-caption alignnone\"><a href=\"https:\/\/www.cpnl.cat\/jocs\/\"><img loading=\"lazy\" decoding=\"async\" class=\"\" src=\"https:\/\/web.gencat.cat\/web\/.content\/2_REPORTATGES\/nadal\/05_infancia\/2019_cnl.jpg_2140354645.jpg\" alt=\"Nadal en catal\u00e0\" width=\"295\" height=\"155\" \/><\/a><p class=\"wp-caption-text\"><span style=\"font-family: helvetica, arial, sans-serif; font-size: 12pt;\"><strong>I tu, jugues en catal\u00e0?<\/strong><\/span><\/p><\/div>\n<h3 class=\"page-title\"><\/h3>\n<p>&nbsp;<\/p>\n<div style=\"width: 185px\" class=\"wp-caption alignnone\"><a href=\"https:\/\/www.cpnl.cat\/promocio-us\/sensibilitzacio\/\"><img loading=\"lazy\" decoding=\"async\" src=\"https:\/\/www.cpnl.cat\/media\/upload\/cache\/fleca_640x320_1593166219_a300x300_1603264668.jpg\" alt=\"\" width=\"175\" height=\"175\" \/><\/a><p class=\"wp-caption-text\"><span style=\"font-family: helvetica, arial, sans-serif;\"><strong><span style=\"font-size: 12pt;\">Sensibilitzaci\u00f3 ling\u00fc\u00edstica<\/span><\/strong><\/span><\/p><\/div>\n<p>&nbsp;<\/p>\n<p>&nbsp;<\/p>\n","protected":false},"excerpt":{"rendered":"<p>&nbsp; &nbsp; &nbsp; &nbsp; &nbsp; &nbsp;<\/p>\n","protected":false},"author":527,"featured_media":0,"parent":0,"menu_order":0,"comment_status":"closed","ping_status":"closed","template":"","meta":{"ngg_post_thumbnail":0,"footnotes":""},"class_list":["post-4131","page","type-page","status-publish","hentry"],"_links":{"self":[{"href":"https:\/\/blogs.cpnl.cat\/sarriaambgracia\/index.php?rest_route=\/wp\/v2\/pages\/4131","targetHints":{"allow":["GET"]}}],"collection":[{"href":"https:\/\/blogs.cpnl.cat\/sarriaambgracia\/index.php?rest_route=\/wp\/v2\/pages"}],"about":[{"href":"https:\/\/blogs.cpnl.cat\/sarriaambgracia\/index.php?rest_route=\/wp\/v2\/types\/page"}],"author":[{"embeddable":true,"href":"https:\/\/blogs.cpnl.cat\/sarriaambgracia\/index.php?rest_route=\/wp\/v2\/users\/527"}],"replies":[{"embeddable":true,"href":"https:\/\/blogs.cpnl.cat\/sarriaambgracia\/index.php?rest_route=%2Fwp%2Fv2%2Fcomments&post=4131"}],"version-history":[{"count":0,"href":"https:\/\/blogs.cpnl.cat\/sarriaambgracia\/index.php?rest_route=\/wp\/v2\/pages\/4131\/revisions"}],"wp:attachment":[{"href":"https:\/\/blogs.cpnl.cat\/sarriaambgracia\/index.php?rest_route=%2Fwp%2Fv2%2Fmedia&parent=4131"}],"curies":[{"name":"wp","href":"https:\/\/api.w.org\/{rel}","templated":true}]}}